{"id":1034,"date":"2012-04-21T12:56:08","date_gmt":"2012-04-21T11:56:08","guid":{"rendered":"http:\/\/www.krashbar.com\/sex-club-paris\/"},"modified":"2024-07-11T10:29:33","modified_gmt":"2024-07-11T09:29:33","slug":"en-vente-au-bar-maximenpills","status":"publish","type":"page","link":"http:\/\/www.krashbar.com\/sex-club-paris\/en-vente-au-bar-maximenpills\/","title":{"rendered":"En vente au bar"},"content":{"rendered":"\n<div class=\"wp-block-columns is-layout-flex wp-container-core-columns-is-layout-9d6595d7 wp-block-columns-is-layout-flex\">\n<div class=\"wp-block-column is-layout-flow wp-block-column-is-layout-flow\" style=\"flex-basis:100%\">\n<figure class=\"wp-block-table\"><table><tbody><tr><td> <h2>Poppers<\/h2> <\/td><\/tr><tr><td>Le poppers est autoris\u00e9 \u00e0 la vente en France. <br><br>Tu trouveras donc au Krash le poppers HOT (fabrication fran\u00e7aise). Avec sa formule originale, il est tr\u00e8s efficace ! <br>Mais aussi les meilleurs poppers \u00e9trangers comme le Jungle, le Rush  !<br><\/td><\/tr><tr><td><strong>POPPERS HOT (bouteille 13 ml)<\/strong><\/td><td>15 euros<\/td><\/tr><tr><td><strong>POPPERS JUNGLE JUICE (bouteille 30 ml)<\/strong><\/td><td>20 euros<\/td><\/tr><tr><td><strong>POPPERS PIG BLACK (bouteille 15 ml)<\/strong><\/td><td>15 euros<\/td><\/tr><tr><td><strong>POPPERS RUSH (bouteille)<\/strong><\/td><td>15 euros<\/td><\/tr><tr><td>&nbsp;<h2>Lubrifiants<\/h2><\/td><td>  <\/td><td>&nbsp;<\/td><\/tr><tr><td><strong>Gel lubrifiant<\/strong> 50ml (<strong>silicone<\/strong> ou <strong>\u00e0 base d&rsquo;eau<\/strong>)<br>Lubrifiant de haute qualit\u00e9, d&rsquo;une fluidit\u00e9 exceptionnelle, livr\u00e9 en flacon pompe \u00e9l\u00e9gant, discret et hygi\u00e9nique.<br>Compatible avec les pr\u00e9servatifs.<\/td><td> <p>&nbsp;<\/p> <p>10 euros<\/p> <\/td><\/tr><tr><td>\n<h2>Accessoires<\/h2>\n<\/td><td>&nbsp;<\/td><\/tr><tr><td><strong>Cockring Screwballs<\/strong><br>Cockring ballstretcher Oxballs en TPR (thermo plastic rubber) tr\u00e8s r\u00e9sistant et extensible.<\/td><td>\n<p>&nbsp;<\/p>\n<p>10 euros<\/p>\n<\/td><\/tr><tr><td>\n<h2>Confiseries<\/h2>\n<\/td><td>&nbsp;<\/td><\/tr><tr><td><strong>Barres chocolat\u00e9es<\/strong><br>Une petite fringale au milieu de la nuit ?<br>Le Krash vous propose des M&amp;M&rsquo;s, Snickers, Mars, Twix&#8230;<\/td><td>2,50 euros<\/td><\/tr><tr><td><strong>Chewing-gum<\/strong><br>Besoin de fra\u00eecheur avant de descendre ou en remontant de la backroom ?<br>Le Krash vous propose un assortiment de chewing gums pour tous les go\u00fbts.<\/td><td>2,50 euros<\/td><\/tr><\/tbody><\/table><\/figure>\n<\/div>\n<\/div>\n<!-- PHP 5.x -->","protected":false},"excerpt":{"rendered":"<p>Poppers Le poppers est autoris\u00e9 \u00e0 la vente en France. Tu trouveras donc au Krash le poppers HOT (fabrication fran\u00e7aise). Avec sa formule originale, il est tr\u00e8s efficace ! Mais aussi les meilleurs poppers \u00e9trangers comme le Jungle, le Rush &hellip; <a href=\"http:\/\/www.krashbar.com\/sex-club-paris\/en-vente-au-bar-maximenpills\/\">Continuer la lecture <span class=\"meta-nav\">&rarr;<\/span><\/a><\/p>\n","protected":false},"author":1,"featured_media":0,"parent":0,"menu_order":0,"comment_status":"closed","ping_status":"closed","template":"","meta":{"footnotes":""},"class_list":["post-1034","page","type-page","status-publish","hentry"],"aioseo_notices":[],"_links":{"self":[{"href":"http:\/\/www.krashbar.com\/sex-club-paris\/wp-json\/wp\/v2\/pages\/1034","targetHints":{"allow":["GET"]}}],"collection":[{"href":"http:\/\/www.krashbar.com\/sex-club-paris\/wp-json\/wp\/v2\/pages"}],"about":[{"href":"http:\/\/www.krashbar.com\/sex-club-paris\/wp-json\/wp\/v2\/types\/page"}],"author":[{"embeddable":true,"href":"http:\/\/www.krashbar.com\/sex-club-paris\/wp-json\/wp\/v2\/users\/1"}],"replies":[{"embeddable":true,"href":"http:\/\/www.krashbar.com\/sex-club-paris\/wp-json\/wp\/v2\/comments?post=1034"}],"version-history":[{"count":43,"href":"http:\/\/www.krashbar.com\/sex-club-paris\/wp-json\/wp\/v2\/pages\/1034\/revisions"}],"predecessor-version":[{"id":2820,"href":"http:\/\/www.krashbar.com\/sex-club-paris\/wp-json\/wp\/v2\/pages\/1034\/revisions\/2820"}],"wp:attachment":[{"href":"http:\/\/www.krashbar.com\/sex-club-paris\/wp-json\/wp\/v2\/media?parent=1034"}],"curies":[{"name":"wp","href":"https:\/\/api.w.org\/{rel}","templated":true}]}}