{"id":24,"date":"2010-12-06T22:52:59","date_gmt":"2010-12-06T21:52:59","guid":{"rendered":"http:\/\/www.krashbar.com\/sex-club-paris\/"},"modified":"2024-07-11T10:33:31","modified_gmt":"2024-07-11T09:33:31","slug":"equipe-bar","status":"publish","type":"page","link":"http:\/\/www.krashbar.com\/sex-club-paris\/equipe-bar\/","title":{"rendered":"L&rsquo;\u00e9quipe"},"content":{"rendered":"<p>D\u00e9couvrez l&rsquo;\u00e9quipe du Krash qui vous accueille tous les jours&#8230;<\/p>\n<p><img loading=\"lazy\" decoding=\"async\" class=\"alignnone size-full wp-image-2301\" title=\"barmen du Krash\" src=\"http:\/\/www.krashbar.com\/sex-club-paris\/wp-content\/uploads\/2018\/11\/GAS8405-Modifier-e1543398976279.jpg\" alt=\"\" width=\"600\" height=\"400\" \/><\/p>\n\n\t\t<style type=\"text\/css\">\n\t\t\t#gallery-1 {\n\t\t\t\tmargin: auto;\n\t\t\t}\n\t\t\t#gallery-1 .gallery-item {\n\t\t\t\tfloat: left;\n\t\t\t\tmargin-top: 10px;\n\t\t\t\ttext-align: center;\n\t\t\t\twidth: 50%;\n\t\t\t}\n\t\t\t#gallery-1 img {\n\t\t\t\tborder: 2px solid #cfcfcf;\n\t\t\t}\n\t\t\t#gallery-1 .gallery-caption {\n\t\t\t\tmargin-left: 0;\n\t\t\t}\n\t\t\t\/* see gallery_shortcode() in wp-includes\/media.php *\/\n\t\t<\/style>\n\t\t<div id='gallery-1' class='gallery galleryid-24 gallery-columns-2 gallery-size-medium'><dl class='gallery-item'>\n\t\t\t<dt class='gallery-icon landscape'>\n\t\t\t\t<img loading=\"lazy\" decoding=\"async\" width=\"431\" height=\"300\" src=\"http:\/\/www.krashbar.com\/sex-club-paris\/wp-content\/uploads\/2023\/11\/IMG_4888-431x300.jpeg\" class=\"attachment-medium size-medium\" alt=\"\" srcset=\"http:\/\/www.krashbar.com\/sex-club-paris\/wp-content\/uploads\/2023\/11\/IMG_4888-431x300.jpeg 431w, http:\/\/www.krashbar.com\/sex-club-paris\/wp-content\/uploads\/2023\/11\/IMG_4888-1024x713.jpeg 1024w, http:\/\/www.krashbar.com\/sex-club-paris\/wp-content\/uploads\/2023\/11\/IMG_4888-768x535.jpeg 768w, http:\/\/www.krashbar.com\/sex-club-paris\/wp-content\/uploads\/2023\/11\/IMG_4888.jpeg 1440w\" sizes=\"auto, (max-width: 431px) 100vw, 431px\" \/>\n\t\t\t<\/dt><\/dl><dl class='gallery-item'>\n\t\t\t<dt class='gallery-icon portrait'>\n\t\t\t\t<img loading=\"lazy\" decoding=\"async\" width=\"240\" height=\"300\" src=\"http:\/\/www.krashbar.com\/sex-club-paris\/wp-content\/uploads\/2023\/11\/CBC7C5AD-04DA-4E2C-BD35-E90E47711E3F-240x300.jpeg\" class=\"attachment-medium size-medium\" alt=\"\" srcset=\"http:\/\/www.krashbar.com\/sex-club-paris\/wp-content\/uploads\/2023\/11\/CBC7C5AD-04DA-4E2C-BD35-E90E47711E3F-240x300.jpeg 240w, http:\/\/www.krashbar.com\/sex-club-paris\/wp-content\/uploads\/2023\/11\/CBC7C5AD-04DA-4E2C-BD35-E90E47711E3F.jpeg 736w\" sizes=\"auto, (max-width: 240px) 100vw, 240px\" \/>\n\t\t\t<\/dt><\/dl><br style=\"clear: both\" \/><dl class='gallery-item'>\n\t\t\t<dt class='gallery-icon landscape'>\n\t\t\t\t<img loading=\"lazy\" decoding=\"async\" width=\"400\" height=\"300\" src=\"http:\/\/www.krashbar.com\/sex-club-paris\/wp-content\/uploads\/2023\/11\/IMG_2461-400x300.jpeg\" class=\"attachment-medium size-medium\" alt=\"\" srcset=\"http:\/\/www.krashbar.com\/sex-club-paris\/wp-content\/uploads\/2023\/11\/IMG_2461-400x300.jpeg 400w, http:\/\/www.krashbar.com\/sex-club-paris\/wp-content\/uploads\/2023\/11\/IMG_2461-1024x768.jpeg 1024w, http:\/\/www.krashbar.com\/sex-club-paris\/wp-content\/uploads\/2023\/11\/IMG_2461-768x576.jpeg 768w, http:\/\/www.krashbar.com\/sex-club-paris\/wp-content\/uploads\/2023\/11\/IMG_2461.jpeg 1290w\" sizes=\"auto, (max-width: 400px) 100vw, 400px\" \/>\n\t\t\t<\/dt><\/dl><dl class='gallery-item'>\n\t\t\t<dt class='gallery-icon portrait'>\n\t\t\t\t<img loading=\"lazy\" decoding=\"async\" width=\"240\" height=\"300\" src=\"http:\/\/www.krashbar.com\/sex-club-paris\/wp-content\/uploads\/2023\/11\/IMG_4889-240x300.jpeg\" class=\"attachment-medium size-medium\" alt=\"\" srcset=\"http:\/\/www.krashbar.com\/sex-club-paris\/wp-content\/uploads\/2023\/11\/IMG_4889-240x300.jpeg 240w, http:\/\/www.krashbar.com\/sex-club-paris\/wp-content\/uploads\/2023\/11\/IMG_4889-819x1024.jpeg 819w, http:\/\/www.krashbar.com\/sex-club-paris\/wp-content\/uploads\/2023\/11\/IMG_4889-768x960.jpeg 768w, http:\/\/www.krashbar.com\/sex-club-paris\/wp-content\/uploads\/2023\/11\/IMG_4889-1229x1536.jpeg 1229w, http:\/\/www.krashbar.com\/sex-club-paris\/wp-content\/uploads\/2023\/11\/IMG_4889.jpeg 1417w\" sizes=\"auto, (max-width: 240px) 100vw, 240px\" \/>\n\t\t\t<\/dt><\/dl><br style=\"clear: both\" \/><dl class='gallery-item'>\n\t\t\t<dt class='gallery-icon portrait'>\n\t\t\t\t<img loading=\"lazy\" decoding=\"async\" width=\"240\" height=\"300\" src=\"http:\/\/www.krashbar.com\/sex-club-paris\/wp-content\/uploads\/2023\/11\/IMG_4890-240x300.jpeg\" class=\"attachment-medium size-medium\" alt=\"\" srcset=\"http:\/\/www.krashbar.com\/sex-club-paris\/wp-content\/uploads\/2023\/11\/IMG_4890-240x300.jpeg 240w, http:\/\/www.krashbar.com\/sex-club-paris\/wp-content\/uploads\/2023\/11\/IMG_4890-820x1024.jpeg 820w, http:\/\/www.krashbar.com\/sex-club-paris\/wp-content\/uploads\/2023\/11\/IMG_4890-768x959.jpeg 768w, http:\/\/www.krashbar.com\/sex-club-paris\/wp-content\/uploads\/2023\/11\/IMG_4890-1230x1536.jpeg 1230w, http:\/\/www.krashbar.com\/sex-club-paris\/wp-content\/uploads\/2023\/11\/IMG_4890.jpeg 1440w\" sizes=\"auto, (max-width: 240px) 100vw, 240px\" \/>\n\t\t\t<\/dt><\/dl>\n\t\t\t<br style='clear: both' \/>\n\t\t<\/div>\n\n<h2 style=\"text-align: left; padding-left: 20px;\"><span style=\"text-decoration: underline;\"><strong><span style=\"color: #ff5412; text-decoration: underline;\">Le boss du Krash<\/span><\/strong><\/span><\/h2>\n<table>\n<tbody>\n<tr>\n<td>\n<h3>Denis<\/h3>\n<p><img decoding=\"async\" class=\"alignleft size-full wp-image-161\" title=\"denis\" src=\"http:\/\/www.krashbar.com\/sex-club-paris\/wp-content\/uploads\/2018\/11\/Denis.jpg\" alt=\"denis\" \/><\/td>\n<td><\/td>\n<\/tr>\n<tr>\n<td><\/td>\n<\/tr>\n<\/tbody>\n<\/table>\n<h2 style=\"text-align: left; padding-left: 20px;\"><span style=\"text-decoration: underline;\"><strong><span style=\"color: #ff5412; text-decoration: underline;\">Les barmen du Krash<\/span><\/strong><\/span><\/h2>\n<table>\n<tbody>\n<tr>\n<td><\/td>\n<\/tr>\n<tr>\n<td>\n<h3>Philippe<\/h3>\n<\/td>\n<\/tr>\n<tr>\n<td><img decoding=\"async\" class=\"alignleft size-full wp-image-159\" src=\"http:\/\/www.krashbar.com\/sex-club-paris\/wp-content\/uploads\/2018\/11\/Philippe.jpg\" alt=\"philippe\" \/><\/td>\n<\/tr>\n<tr>\n<td>\n<h3>Pierre<\/h3>\n<\/td>\n<\/tr>\n<tr>\n<td><img decoding=\"async\" title=\"Pierre\" src=\"http:\/\/www.krashbar.com\/sex-club-paris\/wp-content\/uploads\/2021\/06\/GAS8389-e1623577345584.jpg\" alt=\"Pierre\" \/><\/td>\n<\/tr>\n<tr>\n<td>\n<h3>Ga\u00ebl<\/h3>\n<\/td>\n<\/tr>\n<tr>\n<td><img decoding=\"async\" class=\"alignleft size-full wp-image-2153\" title=\"gael\" src=\"http:\/\/www.krashbar.com\/sex-club-paris\/wp-content\/uploads\/2018\/11\/Gael.jpg\" alt=\"\" \/><\/td>\n<\/tr>\n<tr>\n<td>\n<h3>Pascal<\/h3>\n<\/td>\n<\/tr>\n<tr>\n<td><img loading=\"lazy\" decoding=\"async\" class=\"aligncenter size-full wp-image-2415\" title=\"Pascal - Barman Krash\" src=\"http:\/\/www.krashbar.com\/sex-club-paris\/wp-content\/uploads\/2010\/12\/004-AQ-14-12-2018-8ans-KrashBar-e1545241481664.jpg\" alt=\"\" width=\"475\" height=\"317\" \/><\/td>\n<\/tr>\n<tr>\n<td>\n<h3>Christophe (photo \u00e0 venir)<\/h3>\n<\/td>\n<\/tr>\n<\/tbody>\n<\/table>\n<!-- PHP 5.x -->","protected":false},"excerpt":{"rendered":"<p>D\u00e9couvrez l&rsquo;\u00e9quipe du Krash qui vous accueille tous les jours&#8230; Le boss du Krash Denis Les barmen du Krash Philippe Pierre Ga\u00ebl Pascal Christophe (photo \u00e0 venir)<\/p>\n","protected":false},"author":1,"featured_media":0,"parent":0,"menu_order":0,"comment_status":"closed","ping_status":"closed","template":"","meta":{"footnotes":""},"class_list":["post-24","page","type-page","status-publish","hentry"],"aioseo_notices":[],"_links":{"self":[{"href":"http:\/\/www.krashbar.com\/sex-club-paris\/wp-json\/wp\/v2\/pages\/24","targetHints":{"allow":["GET"]}}],"collection":[{"href":"http:\/\/www.krashbar.com\/sex-club-paris\/wp-json\/wp\/v2\/pages"}],"about":[{"href":"http:\/\/www.krashbar.com\/sex-club-paris\/wp-json\/wp\/v2\/types\/page"}],"author":[{"embeddable":true,"href":"http:\/\/www.krashbar.com\/sex-club-paris\/wp-json\/wp\/v2\/users\/1"}],"replies":[{"embeddable":true,"href":"http:\/\/www.krashbar.com\/sex-club-paris\/wp-json\/wp\/v2\/comments?post=24"}],"version-history":[{"count":30,"href":"http:\/\/www.krashbar.com\/sex-club-paris\/wp-json\/wp\/v2\/pages\/24\/revisions"}],"predecessor-version":[{"id":2788,"href":"http:\/\/www.krashbar.com\/sex-club-paris\/wp-json\/wp\/v2\/pages\/24\/revisions\/2788"}],"wp:attachment":[{"href":"http:\/\/www.krashbar.com\/sex-club-paris\/wp-json\/wp\/v2\/media?parent=24"}],"curies":[{"name":"wp","href":"https:\/\/api.w.org\/{rel}","templated":true}]}}