{"id":257,"date":"2011-01-11T19:24:36","date_gmt":"2011-01-11T18:24:36","guid":{"rendered":"http:\/\/www.krashbar.com\/sex-club-paris\/"},"modified":"2024-07-08T07:27:42","modified_gmt":"2024-07-08T06:27:42","slug":"bannieres","status":"publish","type":"page","link":"http:\/\/www.krashbar.com\/sex-club-paris\/bannieres\/","title":{"rendered":"Banni\u00e8res"},"content":{"rendered":"<p>Voici quelques banni\u00e8res que vous pouvez placer sur votre site ou sur votre blog. Si vous avez besoin d&rsquo;un autre format ou d&rsquo;une version diff\u00e9rente n&rsquo;h\u00e9sitez pas \u00e0 nous contacter en utilisant le <a title=\"Ecrire au Krash\" href=\"\/sex-club-paris\/contact-adresse\/\" target=\"_self\" rel=\"noopener\">formulaire contact<\/a>.<\/p>\n<p>468 * 60 pixels<br \/>\n<img loading=\"lazy\" decoding=\"async\" title=\"banner Krash generic 468*60\" src=\"http:\/\/www.krashbar.com\/sex-club-paris\/wp-content\/uploads\/2011\/01\/bandeaukrash46860.jpg\" alt=\"banner Krash generic 468*60\" width=\"468\" height=\"60\" \/><\/p>\n<p>468 * 120 pixels<br \/>\n<img loading=\"lazy\" decoding=\"async\" title=\"banner Krash generic 468 * 120\" src=\"http:\/\/www.krashbar.com\/sex-club-paris\/wp-content\/uploads\/2011\/01\/manhunt1.jpg\" alt=\"banner Krash generic 468 * 120\" width=\"468\" height=\"120\" \/><\/p>\n<p>540 * 200 pixels<\/p>\n<p>540 * 400 pixels<br \/>\n<img loading=\"lazy\" decoding=\"async\" title=\"banner Krash naked 540 * 400\" src=\"http:\/\/www.krashbar.com\/sex-club-paris\/wp-content\/uploads\/2011\/01\/manhunt2.jpg\" alt=\"banner Krash naked 540 * 400\" width=\"540\" height=\"400\" \/><\/p>\n<p>728 * 90 pixels<br \/>\n<img loading=\"lazy\" decoding=\"async\" title=\"banner Krash generic 728*90\" src=\"http:\/\/www.krashbar.com\/sex-club-paris\/wp-content\/uploads\/2011\/01\/bandeaukrash728.jpg\" alt=\"banner Krash generic 728*90\" width=\"728\" height=\"90\" \/><\/p>\n<!-- PHP 5.x -->","protected":false},"excerpt":{"rendered":"<p>Voici quelques banni\u00e8res que vous pouvez placer sur votre site ou sur votre blog. Si vous avez besoin d&rsquo;un autre format ou d&rsquo;une version diff\u00e9rente n&rsquo;h\u00e9sitez pas \u00e0 nous contacter en utilisant le formulaire contact. 468 * 60 pixels 468 &hellip; <a href=\"http:\/\/www.krashbar.com\/sex-club-paris\/bannieres\/\">Continuer la lecture <span class=\"meta-nav\">&rarr;<\/span><\/a><\/p>\n","protected":false},"author":1,"featured_media":0,"parent":0,"menu_order":0,"comment_status":"closed","ping_status":"open","template":"","meta":{"footnotes":""},"class_list":["post-257","page","type-page","status-publish","hentry"],"aioseo_notices":[],"_links":{"self":[{"href":"http:\/\/www.krashbar.com\/sex-club-paris\/wp-json\/wp\/v2\/pages\/257","targetHints":{"allow":["GET"]}}],"collection":[{"href":"http:\/\/www.krashbar.com\/sex-club-paris\/wp-json\/wp\/v2\/pages"}],"about":[{"href":"http:\/\/www.krashbar.com\/sex-club-paris\/wp-json\/wp\/v2\/types\/page"}],"author":[{"embeddable":true,"href":"http:\/\/www.krashbar.com\/sex-club-paris\/wp-json\/wp\/v2\/users\/1"}],"replies":[{"embeddable":true,"href":"http:\/\/www.krashbar.com\/sex-club-paris\/wp-json\/wp\/v2\/comments?post=257"}],"version-history":[{"count":9,"href":"http:\/\/www.krashbar.com\/sex-club-paris\/wp-json\/wp\/v2\/pages\/257\/revisions"}],"predecessor-version":[{"id":2776,"href":"http:\/\/www.krashbar.com\/sex-club-paris\/wp-json\/wp\/v2\/pages\/257\/revisions\/2776"}],"wp:attachment":[{"href":"http:\/\/www.krashbar.com\/sex-club-paris\/wp-json\/wp\/v2\/media?parent=257"}],"curies":[{"name":"wp","href":"https:\/\/api.w.org\/{rel}","templated":true}]}}