{"id":26,"date":"2010-12-06T22:58:16","date_gmt":"2010-12-06T21:58:16","guid":{"rendered":"http:\/\/www.krashbar.com\/sex-club-paris\/"},"modified":"2024-12-17T20:06:45","modified_gmt":"2024-12-17T19:06:45","slug":"infos-pratiques","status":"publish","type":"page","link":"http:\/\/www.krashbar.com\/sex-club-paris\/infos-pratiques\/","title":{"rendered":"Infos pratiques"},"content":{"rendered":"<h2 style=\"text-align: left; padding-left: 20px;\"><span style=\"text-decoration: underline;\"><strong><span style=\"color: #ff5412; text-decoration: underline;\">Tarifs<\/span><\/strong><\/span><\/h2>\n<p>L&rsquo;entr\u00e9e est gratuite (sauf <a href=\"\/sex-club-paris\/events\/\">\u00e9v\u00e9nements sp\u00e9ciaux<\/a>) et r\u00e9serv\u00e9 aux plus de 18 ans.<br \/>\nUne consommation est obligatoire (\u00e0 partir de 5,50 euros).<br \/>\nLe vestiaire est obligatoire (2,50 euros par personne).<\/p>\n<h3>Happy Hours<\/h3>\n<p>Du lundi au vendredi de 15h \u00e0 22h, et le week-end de 18h \u00e0 22h, Happy Hours sur la bi\u00e8re pression (Kronenbourg, 1664, Grimbergen Blanche ou Rouge) : 50cl au prix de 25, ainsi que sur la limonade&#8230;<\/p>\n<h2 style=\"text-align: left; padding-left: 20px;\"><span style=\"text-decoration: underline;\"><strong><span style=\"color: #ff5412; text-decoration: underline;\">Horaires<\/span><\/strong><\/span><\/h2>\n<p>Nous sommes ouverts tous les jours<\/p>\n<p><img loading=\"lazy\" decoding=\"async\" class=\"float:left\" src=\"http:\/\/www.krashbar.com\/sex-club-paris\/wp-content\/themes\/twentyten\/images\/puce-menu-krash.gif\" width=\"12\" height=\"12\" \/> Du lundi au jeudi : 15h \u00e0 5h<\/p>\n<p><img loading=\"lazy\" decoding=\"async\" class=\"float:left\" src=\"http:\/\/www.krashbar.com\/sex-club-paris\/wp-content\/themes\/twentyten\/images\/puce-menu-krash.gif\" width=\"12\" height=\"12\" \/> Vendredi : 15h \u00e0 7h<\/p>\n<p><img loading=\"lazy\" decoding=\"async\" class=\"float:left\" src=\"http:\/\/www.krashbar.com\/sex-club-paris\/wp-content\/themes\/twentyten\/images\/puce-menu-krash.gif\" width=\"12\" height=\"12\" \/> Samedi : 14h \u00e0 7h<\/p>\n<p><img loading=\"lazy\" decoding=\"async\" class=\"float:left\" src=\"http:\/\/www.krashbar.com\/sex-club-paris\/wp-content\/themes\/twentyten\/images\/puce-menu-krash.gif\" width=\"12\" height=\"12\" \/> Dimanche : 14h \u00e0 5h<\/p>\n<h2 style=\"text-align: left; padding-left: 20px;\"><span style=\"text-decoration: underline;\"><strong><span style=\"color: #ff5412; text-decoration: underline;\">Notre adresse<br \/>\n<\/span><\/strong><\/span><\/h2>\n<p>Krash bar : 12 rue Simon Lefranc 75004 Paris, France<\/p>\n<p>Metro : Hotel de ville (ligne 1) &#8211; Rambuteau (ligne 11)<\/p>\n<p><a href=\"https:\/\/maps.app.goo.gl\/6NcLr4Tx3GHy2vHj6\" target=\"_blank\" rel=\"noopener\">Itin\u00e9raire Google map<\/a><\/p>\n<p><a href=\"https:\/\/maps.apple.com\/?address=12%20Rue%20Simon%20le%20Franc,%2075004%20Paris,%20France&amp;auid=235544311919577344&amp;ll=48.860324,2.353553&amp;lsp=9902&amp;q=Krash%20Bar&amp;_ext=CjgKBAgEEHoKBAgFEAMKBAgGEBEKBAgKEAAKBAhSEAEKBAhVEBAKBAhZEAMKBQikARABCgUIwQEQARImKSSuremLbUhAMZSD2QQYxgJAOXXJOEaybkhAQQQWZdsO4gJAUAQ%3D\" target=\"_blank\" rel=\"noopener\">Itin\u00e9raire Plans Apple<\/a><\/p>\n<p><iframe loading=\"lazy\" style=\"border: 0;\" src=\"https:\/\/www.google.com\/maps\/embed?pb=!1m18!1m12!1m3!1d5249.78589118513!2d2.350893177293533!3d48.860251771332386!2m3!1f0!2f0!3f0!3m2!1i1024!2i768!4f13.1!3m3!1m2!1s0x47e66e1c8977fe51%3A0x167f692f7fac93be!2sKrash%20Bar!5e0!3m2!1sfr!2sfr!4v1720343376019!5m2!1sfr!2sfr\" width=\"575\" height=\"450\" allowfullscreen=\"allowfullscreen\"><\/iframe><\/p>\n<h2 style=\"text-align: left; padding-left: 20px;\"><span style=\"text-decoration: underline;\"><strong><span style=\"color: #ff5412; text-decoration: underline;\">Pr\u00e9vention<\/span><\/strong><\/span><\/h2>\n<p>Le Krash est membre du SNEG (Syndicat National des entreprises gaies) et signataire de la charte de responsabilit\u00e9.<br \/>\nCette charte a \u00e9t\u00e9 mise en place par le SNEG en association avec de nombreuses associations et organismes (AIDES, ACT UP Paris, et SIDA INFO SERVICE, la DASS de Paris avec le Dr Catherine GERHART et la DGS avec le Dr Thierry TROUSSIER).<br \/>\nDans ce cadre, vous trouverez en libre acc\u00e8s des pr\u00e9servatifs et gels, ainsi que des gants \u00e0 usage unique \u00e0 la demande au bar.<br \/>\nNous nous engageons ainsi dans la lutte quotidienne face \u00e0 l\u2019\u00e9pid\u00e9mie de Sida et autres IST qui touchent depuis plus de 20 ans notre communaut\u00e9.<br \/>\n<a href=\"http:\/\/www.sneg.org\/index.php?option=com_content&amp;task=view&amp;id=91&amp;Itemid=99\" target=\"_blank\" rel=\"noopener\">Plus d&rsquo;infos sur la charte sur le site du SNEG<\/a><\/p>\n<p>Au krash, il est interdit de consommer ou de venir en ayant consomm\u00e9 des stup\u00e9fiants.<\/p>\n<p>Pas de ChemSex dans nos bars!!!!<\/p>\n<p><img loading=\"lazy\" decoding=\"async\" class=\"size-medium wp-image-2783\" src=\"http:\/\/www.krashbar.com\/sex-club-paris\/wp-content\/uploads\/2024\/07\/Autocollant-no-chemsex-2024-500x282.jpg\" alt=\"No Chemsex in our bar\" width=\"500\" height=\"282\" srcset=\"http:\/\/www.krashbar.com\/sex-club-paris\/wp-content\/uploads\/2024\/07\/Autocollant-no-chemsex-2024-500x282.jpg 500w, http:\/\/www.krashbar.com\/sex-club-paris\/wp-content\/uploads\/2024\/07\/Autocollant-no-chemsex-2024-1024x578.jpg 1024w, http:\/\/www.krashbar.com\/sex-club-paris\/wp-content\/uploads\/2024\/07\/Autocollant-no-chemsex-2024-768x434.jpg 768w, http:\/\/www.krashbar.com\/sex-club-paris\/wp-content\/uploads\/2024\/07\/Autocollant-no-chemsex-2024-1536x867.jpg 1536w, http:\/\/www.krashbar.com\/sex-club-paris\/wp-content\/uploads\/2024\/07\/Autocollant-no-chemsex-2024-2048x1157.jpg 2048w\" sizes=\"auto, (max-width: 500px) 100vw, 500px\" \/><\/p>\n<!-- PHP 5.x -->","protected":false},"excerpt":{"rendered":"<p>Tarifs L&rsquo;entr\u00e9e est gratuite (sauf \u00e9v\u00e9nements sp\u00e9ciaux) et r\u00e9serv\u00e9 aux plus de 18 ans. Une consommation est obligatoire (\u00e0 partir de 5,50 euros). Le vestiaire est obligatoire (2,50 euros par personne). Happy Hours Du lundi au vendredi de 15h \u00e0 &hellip; <a href=\"http:\/\/www.krashbar.com\/sex-club-paris\/infos-pratiques\/\">Continuer la lecture <span class=\"meta-nav\">&rarr;<\/span><\/a><\/p>\n","protected":false},"author":1,"featured_media":0,"parent":0,"menu_order":0,"comment_status":"closed","ping_status":"closed","template":"","meta":{"footnotes":""},"class_list":["post-26","page","type-page","status-publish","hentry"],"aioseo_notices":[],"_links":{"self":[{"href":"http:\/\/www.krashbar.com\/sex-club-paris\/wp-json\/wp\/v2\/pages\/26","targetHints":{"allow":["GET"]}}],"collection":[{"href":"http:\/\/www.krashbar.com\/sex-club-paris\/wp-json\/wp\/v2\/pages"}],"about":[{"href":"http:\/\/www.krashbar.com\/sex-club-paris\/wp-json\/wp\/v2\/types\/page"}],"author":[{"embeddable":true,"href":"http:\/\/www.krashbar.com\/sex-club-paris\/wp-json\/wp\/v2\/users\/1"}],"replies":[{"embeddable":true,"href":"http:\/\/www.krashbar.com\/sex-club-paris\/wp-json\/wp\/v2\/comments?post=26"}],"version-history":[{"count":21,"href":"http:\/\/www.krashbar.com\/sex-club-paris\/wp-json\/wp\/v2\/pages\/26\/revisions"}],"predecessor-version":[{"id":2840,"href":"http:\/\/www.krashbar.com\/sex-club-paris\/wp-json\/wp\/v2\/pages\/26\/revisions\/2840"}],"wp:attachment":[{"href":"http:\/\/www.krashbar.com\/sex-club-paris\/wp-json\/wp\/v2\/media?parent=26"}],"curies":[{"name":"wp","href":"https:\/\/api.w.org\/{rel}","templated":true}]}}