{"id":31,"date":"2010-12-06T23:07:35","date_gmt":"2010-12-06T22:07:35","guid":{"rendered":"http:\/\/www.krashbar.com\/sex-club-paris\/"},"modified":"2024-07-08T08:25:05","modified_gmt":"2024-07-08T07:25:05","slug":"visite-virtuelle","status":"publish","type":"page","link":"http:\/\/www.krashbar.com\/sex-club-paris\/visite-virtuelle\/","title":{"rendered":"Visite virtuelle"},"content":{"rendered":"<p>Voici les photos du Krash&#8230;<br \/>\nL&rsquo;entr\u00e9e est directe sur la rue via le sas. Il est ainsi facile de prot\u00e9ger l&rsquo;intimit\u00e9 de nos clients lors des apr\u00e8s-midi naturistes ou des soir\u00e9es les plus chaudes.<br \/>\nL&rsquo;\u00e9clairage LED enti\u00e8rement modulable permet des centaines de combinaisons diff\u00e9rentes aussi bien au niveau des couleurs que de l&rsquo;intensit\u00e9&#8230;<br \/>\nDe quoi s&rsquo;adapter \u00e0 toutes les soir\u00e9es&#8230;<\/p>\n<h3>La fa\u00e7ade<\/h3>\n<p><img loading=\"lazy\" decoding=\"async\" class=\" wp-image-2790 alignleft\" src=\"http:\/\/www.krashbar.com\/sex-club-paris\/wp-content\/uploads\/2024\/07\/IMG_3098-1024x768.jpeg\" alt=\"\" width=\"600\" height=\"450\" srcset=\"http:\/\/www.krashbar.com\/sex-club-paris\/wp-content\/uploads\/2024\/07\/IMG_3098-1024x768.jpeg 1024w, http:\/\/www.krashbar.com\/sex-club-paris\/wp-content\/uploads\/2024\/07\/IMG_3098-400x300.jpeg 400w, http:\/\/www.krashbar.com\/sex-club-paris\/wp-content\/uploads\/2024\/07\/IMG_3098-768x576.jpeg 768w, http:\/\/www.krashbar.com\/sex-club-paris\/wp-content\/uploads\/2024\/07\/IMG_3098-1536x1152.jpeg 1536w, http:\/\/www.krashbar.com\/sex-club-paris\/wp-content\/uploads\/2024\/07\/IMG_3098-2048x1536.jpeg 2048w\" sizes=\"auto, (max-width: 600px) 100vw, 600px\" \/><\/p>\n<h3><\/h3>\n<h3><\/h3>\n<h3><\/h3>\n<h3><\/h3>\n<h3><\/h3>\n<h3><\/h3>\n<h3><\/h3>\n<h3><\/h3>\n<h3><\/h3>\n<h3>\n<p>L&rsquo;entr\u00e9e<\/h3>\n<p><a href=\"http:\/\/www.krashbar.com\/sex-club-paris\/wp-content\/uploads\/2011\/03\/CIMG4274.jpg\"><img loading=\"lazy\" decoding=\"async\" class=\"alignnone wp-image-423 size-full\" title=\"L'entr\u00e9e - sas ouvert\" src=\"http:\/\/www.krashbar.com\/sex-club-paris\/wp-content\/uploads\/2011\/03\/CIMG4274-e1676889597180.jpg\" alt=\"\" width=\"600\" height=\"450\" srcset=\"http:\/\/www.krashbar.com\/sex-club-paris\/wp-content\/uploads\/2011\/03\/CIMG4274-e1676889597180.jpg 600w, http:\/\/www.krashbar.com\/sex-club-paris\/wp-content\/uploads\/2011\/03\/CIMG4274-e1676889597180-400x300.jpg 400w\" sizes=\"auto, (max-width: 600px) 100vw, 600px\" \/><\/a><a href=\"http:\/\/www.krashbar.com\/sex-club-paris\/wp-content\/uploads\/2011\/03\/CIMG4276.jpg\"><img loading=\"lazy\" decoding=\"async\" class=\"alignnone wp-image-424 size-full\" title=\"Le sas presque ferm\u00e9\" src=\"http:\/\/www.krashbar.com\/sex-club-paris\/wp-content\/uploads\/2011\/03\/CIMG4276-e1676889623777.jpg\" alt=\"\" width=\"600\" height=\"450\" srcset=\"http:\/\/www.krashbar.com\/sex-club-paris\/wp-content\/uploads\/2011\/03\/CIMG4276-e1676889623777.jpg 600w, http:\/\/www.krashbar.com\/sex-club-paris\/wp-content\/uploads\/2011\/03\/CIMG4276-e1676889623777-400x300.jpg 400w\" sizes=\"auto, (max-width: 600px) 100vw, 600px\" \/><\/a><\/p>\n<h3>Au rez-de-chauss\u00e9e, le bar<\/h3>\n<p><a href=\"http:\/\/www.krashbar.com\/sex-club-paris\/wp-content\/uploads\/2023\/02\/IMG_3851-scaled.jpeg\"><img loading=\"lazy\" decoding=\"async\" class=\"wp-image-2662 size-full alignleft\" src=\"http:\/\/www.krashbar.com\/sex-club-paris\/wp-content\/uploads\/2023\/02\/IMG_3851-scaled-e1676889251230.jpeg\" alt=\"\" width=\"700\" height=\"525\" srcset=\"http:\/\/www.krashbar.com\/sex-club-paris\/wp-content\/uploads\/2023\/02\/IMG_3851-scaled-e1676889251230.jpeg 700w, http:\/\/www.krashbar.com\/sex-club-paris\/wp-content\/uploads\/2023\/02\/IMG_3851-scaled-e1676889251230-400x300.jpeg 400w\" sizes=\"auto, (max-width: 700px) 100vw, 700px\" \/><\/a> <a href=\"http:\/\/www.krashbar.com\/sex-club-paris\/wp-content\/uploads\/2023\/02\/IMG_3855-scaled.jpeg\"><img loading=\"lazy\" decoding=\"async\" class=\"wp-image-2663 size-full alignleft\" src=\"http:\/\/www.krashbar.com\/sex-club-paris\/wp-content\/uploads\/2023\/02\/IMG_3855-scaled-e1676889312834.jpeg\" alt=\"\" width=\"700\" height=\"403\" srcset=\"http:\/\/www.krashbar.com\/sex-club-paris\/wp-content\/uploads\/2023\/02\/IMG_3855-scaled-e1676889312834.jpeg 700w, http:\/\/www.krashbar.com\/sex-club-paris\/wp-content\/uploads\/2023\/02\/IMG_3855-scaled-e1676889312834-500x288.jpeg 500w\" sizes=\"auto, (max-width: 700px) 100vw, 700px\" \/><\/a> <a href=\"http:\/\/www.krashbar.com\/sex-club-paris\/wp-content\/uploads\/2023\/02\/IMG_3860-scaled.jpeg\"><img loading=\"lazy\" decoding=\"async\" class=\"wp-image-2664 size-full alignleft\" src=\"http:\/\/www.krashbar.com\/sex-club-paris\/wp-content\/uploads\/2023\/02\/IMG_3860-scaled-e1676889346350.jpeg\" alt=\"\" width=\"700\" height=\"525\" srcset=\"http:\/\/www.krashbar.com\/sex-club-paris\/wp-content\/uploads\/2023\/02\/IMG_3860-scaled-e1676889346350.jpeg 700w, http:\/\/www.krashbar.com\/sex-club-paris\/wp-content\/uploads\/2023\/02\/IMG_3860-scaled-e1676889346350-400x300.jpeg 400w\" sizes=\"auto, (max-width: 700px) 100vw, 700px\" \/><\/a> <a href=\"http:\/\/www.krashbar.com\/sex-club-paris\/wp-content\/uploads\/2023\/02\/IMG_3867-scaled.jpeg\"><img loading=\"lazy\" decoding=\"async\" class=\"wp-image-2665 size-full alignleft\" src=\"http:\/\/www.krashbar.com\/sex-club-paris\/wp-content\/uploads\/2023\/02\/IMG_3867-scaled-e1676889384928.jpeg\" alt=\"\" width=\"700\" height=\"525\" \/><\/a> <a href=\"http:\/\/www.krashbar.com\/sex-club-paris\/wp-content\/uploads\/2023\/02\/IMG_3868-scaled.jpeg\"><img loading=\"lazy\" decoding=\"async\" class=\"wp-image-2666 size-full alignleft\" src=\"http:\/\/www.krashbar.com\/sex-club-paris\/wp-content\/uploads\/2023\/02\/IMG_3868-scaled-e1676889406904.jpeg\" alt=\"\" width=\"700\" height=\"525\" srcset=\"http:\/\/www.krashbar.com\/sex-club-paris\/wp-content\/uploads\/2023\/02\/IMG_3868-scaled-e1676889406904.jpeg 700w, http:\/\/www.krashbar.com\/sex-club-paris\/wp-content\/uploads\/2023\/02\/IMG_3868-scaled-e1676889406904-400x300.jpeg 400w\" sizes=\"auto, (max-width: 700px) 100vw, 700px\" \/><\/a> <a href=\"http:\/\/www.krashbar.com\/sex-club-paris\/wp-content\/uploads\/2023\/02\/IMG_5132-scaled.jpeg\"><img loading=\"lazy\" decoding=\"async\" class=\"alignleft wp-image-2668 size-full\" src=\"http:\/\/www.krashbar.com\/sex-club-paris\/wp-content\/uploads\/2023\/02\/IMG_5132-scaled-e1676889448785.jpeg\" alt=\"\" width=\"700\" height=\"499\" srcset=\"http:\/\/www.krashbar.com\/sex-club-paris\/wp-content\/uploads\/2023\/02\/IMG_5132-scaled-e1676889448785.jpeg 700w, http:\/\/www.krashbar.com\/sex-club-paris\/wp-content\/uploads\/2023\/02\/IMG_5132-scaled-e1676889448785-421x300.jpeg 421w\" sizes=\"auto, (max-width: 700px) 100vw, 700px\" \/><\/a> <a href=\"http:\/\/www.krashbar.com\/sex-club-paris\/wp-content\/uploads\/2023\/02\/IMG_5135-scaled.jpeg\"><img loading=\"lazy\" decoding=\"async\" class=\"alignleft wp-image-2670 size-full\" src=\"http:\/\/www.krashbar.com\/sex-club-paris\/wp-content\/uploads\/2023\/02\/IMG_5135-scaled-e1676889502371.jpeg\" alt=\"\" width=\"700\" height=\"525\" srcset=\"http:\/\/www.krashbar.com\/sex-club-paris\/wp-content\/uploads\/2023\/02\/IMG_5135-scaled-e1676889502371.jpeg 700w, http:\/\/www.krashbar.com\/sex-club-paris\/wp-content\/uploads\/2023\/02\/IMG_5135-scaled-e1676889502371-400x300.jpeg 400w\" sizes=\"auto, (max-width: 700px) 100vw, 700px\" \/><\/a> <a href=\"http:\/\/www.krashbar.com\/sex-club-paris\/wp-content\/uploads\/2023\/02\/IMG_5141-scaled.jpeg\"><img loading=\"lazy\" decoding=\"async\" class=\"wp-image-2671 size-full alignleft\" src=\"http:\/\/www.krashbar.com\/sex-club-paris\/wp-content\/uploads\/2023\/02\/IMG_5141-scaled-e1676889530506.jpeg\" alt=\"\" width=\"700\" height=\"525\" srcset=\"http:\/\/www.krashbar.com\/sex-club-paris\/wp-content\/uploads\/2023\/02\/IMG_5141-scaled-e1676889530506.jpeg 700w, http:\/\/www.krashbar.com\/sex-club-paris\/wp-content\/uploads\/2023\/02\/IMG_5141-scaled-e1676889530506-400x300.jpeg 400w\" sizes=\"auto, (max-width: 700px) 100vw, 700px\" \/><\/a><\/p>\n<p><a href=\"http:\/\/www.krashbar.com\/sex-club-paris\/wp-content\/uploads\/2011\/03\/IMGP2303.jpg\"><img loading=\"lazy\" decoding=\"async\" class=\"alignnone wp-image-402 size-full\" title=\"Krash bar \/ orange\" src=\"http:\/\/www.krashbar.com\/sex-club-paris\/wp-content\/uploads\/2011\/03\/IMGP2303-e1676888667668.jpg\" alt=\"\" width=\"700\" height=\"469\" srcset=\"http:\/\/www.krashbar.com\/sex-club-paris\/wp-content\/uploads\/2011\/03\/IMGP2303-e1676888667668.jpg 700w, http:\/\/www.krashbar.com\/sex-club-paris\/wp-content\/uploads\/2011\/03\/IMGP2303-e1676888667668-448x300.jpg 448w\" sizes=\"auto, (max-width: 700px) 100vw, 700px\" \/><\/a><a href=\"http:\/\/www.krashbar.com\/sex-club-paris\/wp-content\/uploads\/2011\/03\/DSC_0003.jpg\"><img loading=\"lazy\" decoding=\"async\" class=\"alignnone wp-image-409 size-full\" title=\"double banquette pour pleins de possibilit\u00e9s\" src=\"http:\/\/www.krashbar.com\/sex-club-paris\/wp-content\/uploads\/2011\/03\/DSC_0003-e1676888681292.jpg\" alt=\"\" width=\"700\" height=\"469\" srcset=\"http:\/\/www.krashbar.com\/sex-club-paris\/wp-content\/uploads\/2011\/03\/DSC_0003-e1676888681292.jpg 700w, http:\/\/www.krashbar.com\/sex-club-paris\/wp-content\/uploads\/2011\/03\/DSC_0003-e1676888681292-448x300.jpg 448w\" sizes=\"auto, (max-width: 700px) 100vw, 700px\" \/><\/a><a href=\"http:\/\/www.krashbar.com\/sex-club-paris\/wp-content\/uploads\/2011\/03\/DSC_0002.jpg\"><img loading=\"lazy\" decoding=\"async\" class=\"alignnone wp-image-410 size-full\" title=\"Krash bar \/ bleu\" src=\"http:\/\/www.krashbar.com\/sex-club-paris\/wp-content\/uploads\/2011\/03\/DSC_0002-e1676888707715.jpg\" alt=\"\" width=\"700\" height=\"469\" srcset=\"http:\/\/www.krashbar.com\/sex-club-paris\/wp-content\/uploads\/2011\/03\/DSC_0002-e1676888707715.jpg 700w, http:\/\/www.krashbar.com\/sex-club-paris\/wp-content\/uploads\/2011\/03\/DSC_0002-e1676888707715-448x300.jpg 448w\" sizes=\"auto, (max-width: 700px) 100vw, 700px\" \/><\/a><\/p>\n<h3>Au sous-sol, la darkroom<\/h3>\n<p><a href=\"http:\/\/www.krashbar.com\/sex-club-paris\/wp-content\/uploads\/2011\/03\/DSC_0004.jpg\"><img loading=\"lazy\" decoding=\"async\" class=\"alignnone wp-image-408 size-full\" title=\"Le sous sol\" src=\"http:\/\/www.krashbar.com\/sex-club-paris\/wp-content\/uploads\/2011\/03\/DSC_0004-e1676888734867.jpg\" alt=\"\" width=\"700\" height=\"469\" srcset=\"http:\/\/www.krashbar.com\/sex-club-paris\/wp-content\/uploads\/2011\/03\/DSC_0004-e1676888734867.jpg 700w, http:\/\/www.krashbar.com\/sex-club-paris\/wp-content\/uploads\/2011\/03\/DSC_0004-e1676888734867-448x300.jpg 448w\" sizes=\"auto, (max-width: 700px) 100vw, 700px\" \/><\/a><a href=\"http:\/\/www.krashbar.com\/sex-club-paris\/wp-content\/uploads\/2011\/03\/DSC_0008.jpg\"><img loading=\"lazy\" decoding=\"async\" class=\"alignnone wp-image-414 size-full\" title=\"sling\" src=\"http:\/\/www.krashbar.com\/sex-club-paris\/wp-content\/uploads\/2011\/03\/DSC_0008-e1676888753692.jpg\" alt=\"\" width=\"536\" height=\"800\" srcset=\"http:\/\/www.krashbar.com\/sex-club-paris\/wp-content\/uploads\/2011\/03\/DSC_0008-e1676888753692.jpg 536w, http:\/\/www.krashbar.com\/sex-club-paris\/wp-content\/uploads\/2011\/03\/DSC_0008-e1676888753692-201x300.jpg 201w\" sizes=\"auto, (max-width: 536px) 100vw, 536px\" \/><\/a><\/p>\n<!-- PHP 5.x -->","protected":false},"excerpt":{"rendered":"<p>Voici les photos du Krash&#8230; L&rsquo;entr\u00e9e est directe sur la rue via le sas. Il est ainsi facile de prot\u00e9ger l&rsquo;intimit\u00e9 de nos clients lors des apr\u00e8s-midi naturistes ou des soir\u00e9es les plus chaudes. L&rsquo;\u00e9clairage LED enti\u00e8rement modulable permet des &hellip; <a href=\"http:\/\/www.krashbar.com\/sex-club-paris\/visite-virtuelle\/\">Continuer la lecture <span class=\"meta-nav\">&rarr;<\/span><\/a><\/p>\n","protected":false},"author":1,"featured_media":0,"parent":0,"menu_order":0,"comment_status":"closed","ping_status":"closed","template":"","meta":{"footnotes":""},"class_list":["post-31","page","type-page","status-publish","hentry"],"aioseo_notices":[],"_links":{"self":[{"href":"http:\/\/www.krashbar.com\/sex-club-paris\/wp-json\/wp\/v2\/pages\/31","targetHints":{"allow":["GET"]}}],"collection":[{"href":"http:\/\/www.krashbar.com\/sex-club-paris\/wp-json\/wp\/v2\/pages"}],"about":[{"href":"http:\/\/www.krashbar.com\/sex-club-paris\/wp-json\/wp\/v2\/types\/page"}],"author":[{"embeddable":true,"href":"http:\/\/www.krashbar.com\/sex-club-paris\/wp-json\/wp\/v2\/users\/1"}],"replies":[{"embeddable":true,"href":"http:\/\/www.krashbar.com\/sex-club-paris\/wp-json\/wp\/v2\/comments?post=31"}],"version-history":[{"count":19,"href":"http:\/\/www.krashbar.com\/sex-club-paris\/wp-json\/wp\/v2\/pages\/31\/revisions"}],"predecessor-version":[{"id":2795,"href":"http:\/\/www.krashbar.com\/sex-club-paris\/wp-json\/wp\/v2\/pages\/31\/revisions\/2795"}],"wp:attachment":[{"href":"http:\/\/www.krashbar.com\/sex-club-paris\/wp-json\/wp\/v2\/media?parent=31"}],"curies":[{"name":"wp","href":"https:\/\/api.w.org\/{rel}","templated":true}]}}