{"id":4,"date":"2010-11-15T19:10:16","date_gmt":"2010-11-15T18:10:16","guid":{"rendered":"http:\/\/www.krashbar.com\/sex-club-paris\/?page_id=4"},"modified":"2026-04-24T15:50:09","modified_gmt":"2026-04-24T14:50:09","slug":"agenda","status":"publish","type":"page","link":"http:\/\/www.krashbar.com\/sex-club-paris\/agenda\/","title":{"rendered":"Nos soir\u00e9es &amp; Events"},"content":{"rendered":"\n<p>Nous sommes ouverts 7 jours sur 7 toute l&rsquo;ann\u00e9e<\/p>\n\n\n\n<h3 class=\"wp-block-heading\"><img loading=\"lazy\" decoding=\"async\" width=\"12\" height=\"12\" class=\"float:left\" src=\"http:\/\/www.krashbar.com\/sex-club-paris\/wp-content\/themes\/twentyten\/images\/puce-menu-krash.gif\"> <span style=\"color: #ff5412;\"><strong>Nos horaires<\/strong><\/span><\/h3>\n\n\n\n<p><img loading=\"lazy\" decoding=\"async\" class=\"float:left\" src=\"http:\/\/www.krashbar.com\/sex-club-paris\/wp-content\/themes\/twentyten\/images\/puce-menu-krash.gif\" width=\"12\" height=\"12\"> Du lundi au jeudi : 15h \u00e0 5h<\/p>\n\n\n\n<p><img loading=\"lazy\" decoding=\"async\" class=\"float:left\" src=\"http:\/\/www.krashbar.com\/sex-club-paris\/wp-content\/themes\/twentyten\/images\/puce-menu-krash.gif\" width=\"12\" height=\"12\"> Vendredi : 15h \u00e0 7h<\/p>\n\n\n\n<p><img loading=\"lazy\" decoding=\"async\" class=\"float:left\" src=\"http:\/\/www.krashbar.com\/sex-club-paris\/wp-content\/themes\/twentyten\/images\/puce-menu-krash.gif\" width=\"12\" height=\"12\"> Samedi : 14h \u00e0 7h<\/p>\n\n\n\n<p><img loading=\"lazy\" decoding=\"async\" class=\"float:left\" src=\"http:\/\/www.krashbar.com\/sex-club-paris\/wp-content\/themes\/twentyten\/images\/puce-menu-krash.gif\" width=\"12\" height=\"12\"> Dimanche : 14h \u00e0 5h<\/p>\n\n\n\n<h3 class=\"wp-block-heading\"><img loading=\"lazy\" decoding=\"async\" class=\"float:left\" src=\"http:\/\/www.krashbar.com\/sex-club-paris\/wp-content\/themes\/twentyten\/images\/puce-menu-krash.gif\" width=\"12\" height=\"12\"> <span style=\"color: #ff5412;\">Du Lundi au Vendredi &#8211; 15h \u00e0 19h : Plan Direct<\/span><\/h3>\n\n\n\n<p>Ambiance cool au bar, HOT au sous-sol&#8230;<\/p>\n\n\n\n<p>PLAN DIRECT, c&rsquo;est l&rsquo;ap\u00e9ro des mecs motiv\u00e9s qui cherchent des plans directs et rapides \u00e0 la sortie du taff !<\/p>\n\n\n\n<p>Entr\u00e9e gratuite &#8211; Consommation obligatoire &#8211; Happy Hour de 15h \u00e0 22h<\/p>\n\n\n\n<p>No Dress Code<\/p>\n\n\n<div class=\"wp-block-image\">\n<figure class=\"aligncenter\"><img loading=\"lazy\" decoding=\"async\" width=\"450\" height=\"317\" src=\"http:\/\/www.krashbar.com\/sex-club-paris\/wp-content\/uploads\/2018\/11\/plandirect2019-e1543310122489.jpg\" alt=\"\" class=\"wp-image-2286\"\/><\/figure>\n<\/div>\n\n\n<h3 class=\"wp-block-heading\"><img loading=\"lazy\" decoding=\"async\" class=\"float:left\" src=\"http:\/\/www.krashbar.com\/sex-club-paris\/wp-content\/themes\/twentyten\/images\/puce-menu-krash.gif\" width=\"12\" height=\"12\"><span style=\"color: #ff5412;\"> Du Lundi au jeudi &#8211; 19h \u00e0 5h : Sex Krash Night<\/span><\/h3>\n\n\n\n<p>Entr\u00e9e gratuite &#8211; Consommation obligatoire &#8211; No Dress Code<\/p>\n\n\n<div class=\"wp-block-image\">\n<figure class=\"aligncenter\"><img loading=\"lazy\" decoding=\"async\" width=\"426\" height=\"300\" src=\"http:\/\/www.krashbar.com\/sex-club-paris\/wp-content\/uploads\/2024\/07\/sex-krash-night--426x300.jpg\" alt=\"\" class=\"wp-image-2765\" srcset=\"http:\/\/www.krashbar.com\/sex-club-paris\/wp-content\/uploads\/2024\/07\/sex-krash-night--426x300.jpg 426w, http:\/\/www.krashbar.com\/sex-club-paris\/wp-content\/uploads\/2024\/07\/sex-krash-night--1024x721.jpg 1024w, http:\/\/www.krashbar.com\/sex-club-paris\/wp-content\/uploads\/2024\/07\/sex-krash-night--768x541.jpg 768w, http:\/\/www.krashbar.com\/sex-club-paris\/wp-content\/uploads\/2024\/07\/sex-krash-night--1536x1082.jpg 1536w, http:\/\/www.krashbar.com\/sex-club-paris\/wp-content\/uploads\/2024\/07\/sex-krash-night--2048x1443.jpg 2048w\" sizes=\"auto, (max-width: 426px) 100vw, 426px\" \/><\/figure>\n<\/div>\n\n\n<h3 class=\"wp-block-heading\"><img loading=\"lazy\" decoding=\"async\" class=\"float:left\" src=\"http:\/\/www.krashbar.com\/sex-club-paris\/wp-content\/themes\/twentyten\/images\/puce-menu-krash.gif\" width=\"12\" height=\"12\"><span style=\"color: #ff5412;\"> Vendredi &#8211; 19h \u00e0 7h : Sex Krash Night<\/span><\/h3>\n\n\n\n<p>Entr\u00e9e gratuite &#8211; Consommation obligatoire &#8211; No Dress Code<\/p>\n\n\n<div class=\"wp-block-image\">\n<figure class=\"aligncenter\"><img loading=\"lazy\" decoding=\"async\" width=\"424\" height=\"300\" src=\"http:\/\/www.krashbar.com\/sex-club-paris\/wp-content\/uploads\/2024\/07\/sex-krash-night-vendredi-424x300.jpg\" alt=\"\" class=\"wp-image-2766\" srcset=\"http:\/\/www.krashbar.com\/sex-club-paris\/wp-content\/uploads\/2024\/07\/sex-krash-night-vendredi-424x300.jpg 424w, http:\/\/www.krashbar.com\/sex-club-paris\/wp-content\/uploads\/2024\/07\/sex-krash-night-vendredi-1024x725.jpg 1024w, http:\/\/www.krashbar.com\/sex-club-paris\/wp-content\/uploads\/2024\/07\/sex-krash-night-vendredi-768x543.jpg 768w, http:\/\/www.krashbar.com\/sex-club-paris\/wp-content\/uploads\/2024\/07\/sex-krash-night-vendredi-1536x1087.jpg 1536w, http:\/\/www.krashbar.com\/sex-club-paris\/wp-content\/uploads\/2024\/07\/sex-krash-night-vendredi-2048x1449.jpg 2048w\" sizes=\"auto, (max-width: 424px) 100vw, 424px\" \/><\/figure>\n<\/div>\n\n\n<h3 class=\"wp-block-heading\"><img loading=\"lazy\" decoding=\"async\" class=\"float:left\" src=\"http:\/\/www.krashbar.com\/sex-club-paris\/wp-content\/themes\/twentyten\/images\/puce-menu-krash.gif\" width=\"12\" height=\"12\"><span style=\"color: #ff5412;\"> Samedi &#8211; 14h \u00e0 19 h : Naked party<\/span><\/h3>\n\n\n\n<p>Chaque samedi, de 14h \u00e0 19h.&nbsp;Tous \u00e0 poils !!<\/p>\n\n\n\n<p>Entr\u00e9e gratuite &#8211; Consommation obligatoire<\/p>\n\n\n<div class=\"wp-block-image\">\n<figure class=\"aligncenter\"><img loading=\"lazy\" decoding=\"async\" width=\"425\" height=\"300\" src=\"http:\/\/www.krashbar.com\/sex-club-paris\/wp-content\/uploads\/2024\/07\/naked-party-e1543309490754-425x300.jpg\" alt=\"\" class=\"wp-image-2767\" srcset=\"http:\/\/www.krashbar.com\/sex-club-paris\/wp-content\/uploads\/2024\/07\/naked-party-e1543309490754-425x300.jpg 425w, http:\/\/www.krashbar.com\/sex-club-paris\/wp-content\/uploads\/2024\/07\/naked-party-e1543309490754.jpg 450w\" sizes=\"auto, (max-width: 425px) 100vw, 425px\" \/><\/figure>\n<\/div>\n\n\n<h3 class=\"wp-block-heading\"><img loading=\"lazy\" decoding=\"async\" class=\"float:left\" src=\"http:\/\/www.krashbar.com\/sex-club-paris\/wp-content\/themes\/twentyten\/images\/puce-menu-krash.gif\" width=\"12\" height=\"12\"><span style=\"color: #ff5412;\"> Samedi &#8211; 19h \u00e0 7 h : Orgiak party<\/span><\/h3>\n\n\n\n<p>Chaque samedi \u00e0 partir de 19h et jusqu&rsquo;\u00e0 7h du matin, c&rsquo;est ORGIAK ! L&rsquo;orgie \u00e0 tous les \u00e9tages !<\/p>\n\n\n\n<p>Entr\u00e9e gratuite &#8211; Consommation obligatoire &#8211; No Dress Code<\/p>\n\n\n<div class=\"wp-block-image\">\n<figure class=\"aligncenter\"><img loading=\"lazy\" decoding=\"async\" width=\"424\" height=\"300\" src=\"http:\/\/www.krashbar.com\/sex-club-paris\/wp-content\/uploads\/2024\/07\/orgiak-2019-424x300.jpg\" alt=\"\" class=\"wp-image-2769\" srcset=\"http:\/\/www.krashbar.com\/sex-club-paris\/wp-content\/uploads\/2024\/07\/orgiak-2019-424x300.jpg 424w, http:\/\/www.krashbar.com\/sex-club-paris\/wp-content\/uploads\/2024\/07\/orgiak-2019-1024x725.jpg 1024w, http:\/\/www.krashbar.com\/sex-club-paris\/wp-content\/uploads\/2024\/07\/orgiak-2019-768x543.jpg 768w, http:\/\/www.krashbar.com\/sex-club-paris\/wp-content\/uploads\/2024\/07\/orgiak-2019-1536x1087.jpg 1536w, http:\/\/www.krashbar.com\/sex-club-paris\/wp-content\/uploads\/2024\/07\/orgiak-2019-2048x1449.jpg 2048w\" sizes=\"auto, (max-width: 424px) 100vw, 424px\" \/><\/figure>\n<\/div>\n\n\n<h3 class=\"wp-block-heading\"><img loading=\"lazy\" decoding=\"async\" class=\"float:left\" src=\"http:\/\/www.krashbar.com\/sex-club-paris\/wp-content\/themes\/twentyten\/images\/puce-menu-krash.gif\" width=\"12\" height=\"12\"><span style=\"color: #ff5412;\"> Dimanche &#8211; 14h \u00e0 19 h : Naked party<\/span><\/h3>\n\n\n\n<p>Chaque dimanche, de 14h \u00e0 19h, on laisse tomber le slip&#8230;Tous \u00e0 poil!!!<\/p>\n\n\n\n<p>Entr\u00e9e gratuite &#8211; Consommation obligatoire<\/p>\n\n\n<div class=\"wp-block-image\">\n<figure class=\"aligncenter\"><img loading=\"lazy\" decoding=\"async\" width=\"424\" height=\"300\" src=\"http:\/\/www.krashbar.com\/sex-club-paris\/wp-content\/uploads\/2024\/07\/naked-party-424x300.jpg\" alt=\"\" class=\"wp-image-2770\" srcset=\"http:\/\/www.krashbar.com\/sex-club-paris\/wp-content\/uploads\/2024\/07\/naked-party-424x300.jpg 424w, http:\/\/www.krashbar.com\/sex-club-paris\/wp-content\/uploads\/2024\/07\/naked-party-1024x725.jpg 1024w, http:\/\/www.krashbar.com\/sex-club-paris\/wp-content\/uploads\/2024\/07\/naked-party-768x543.jpg 768w, http:\/\/www.krashbar.com\/sex-club-paris\/wp-content\/uploads\/2024\/07\/naked-party-1536x1087.jpg 1536w, http:\/\/www.krashbar.com\/sex-club-paris\/wp-content\/uploads\/2024\/07\/naked-party-2048x1449.jpg 2048w\" sizes=\"auto, (max-width: 424px) 100vw, 424px\" \/><\/figure>\n<\/div>\n\n\n<h3 class=\"wp-block-heading\"><img loading=\"lazy\" decoding=\"async\" class=\"float:left\" src=\"http:\/\/www.krashbar.com\/sex-club-paris\/wp-content\/themes\/twentyten\/images\/puce-menu-krash.gif\" width=\"12\" height=\"12\"><span style=\"color: #ff5412;\"> Dimanche &#8211; 19h \u00e0 5h : Sunday fuck<\/span><\/h3>\n\n\n\n<p>Chaque dimanche de 19h \u00e0 5h du mat&rsquo;, tous trips et tous looks bienvenus pour la derni\u00e8re ligne droite du week-end !<\/p>\n\n\n\n<p>Entr\u00e9e gratuite &#8211; Consommation obligatoire &#8211; No Dress Code<\/p>\n\n\n<div class=\"wp-block-image\">\n<figure class=\"aligncenter\"><img loading=\"lazy\" decoding=\"async\" width=\"1024\" height=\"1024\" src=\"http:\/\/www.krashbar.com\/sex-club-paris\/wp-content\/uploads\/2024\/07\/sundayfuck-insta-1024x1024.jpg\" alt=\"\" class=\"wp-image-2771\" srcset=\"http:\/\/www.krashbar.com\/sex-club-paris\/wp-content\/uploads\/2024\/07\/sundayfuck-insta-1024x1024.jpg 1024w, http:\/\/www.krashbar.com\/sex-club-paris\/wp-content\/uploads\/2024\/07\/sundayfuck-insta-300x300.jpg 300w, http:\/\/www.krashbar.com\/sex-club-paris\/wp-content\/uploads\/2024\/07\/sundayfuck-insta-150x150.jpg 150w, http:\/\/www.krashbar.com\/sex-club-paris\/wp-content\/uploads\/2024\/07\/sundayfuck-insta-768x768.jpg 768w, http:\/\/www.krashbar.com\/sex-club-paris\/wp-content\/uploads\/2024\/07\/sundayfuck-insta.jpg 1050w\" sizes=\"auto, (max-width: 1024px) 100vw, 1024px\" \/><\/figure>\n<\/div>\n\n\n<h3 class=\"wp-block-heading\">\u2570Grizzly Krash night\u256e &#8211; 14 mai 2026<\/h3>\n\n\n\n<p>A l&rsquo;ocassion du week end de l&rsquo;\u00e9lection de Monsieur Ours 2026, le Krash organise la soir\u00e9e <br>\u00ab\u00a0Grizzly Krash Night\u00a0\u00bb. Venez rencontrer les finalistes <br>Ambiance libre, festive et bienveillante, sous le signe du respect, du jeu et du partage.<br>\u26a0\ufe0f Pas de Dress Code!!! Pour les Bears et ceux qui les aiment. <\/p>\n\n\n\n<figure class=\"wp-block-image size-large is-resized\"><img loading=\"lazy\" decoding=\"async\" width=\"745\" height=\"1024\" src=\"http:\/\/www.krashbar.com\/sex-club-paris\/wp-content\/uploads\/2026\/04\/IMG_0041-745x1024.jpg\" alt=\"\" class=\"wp-image-2893\" style=\"aspect-ratio:0.717852684144819;width:440px;height:auto\" srcset=\"http:\/\/www.krashbar.com\/sex-club-paris\/wp-content\/uploads\/2026\/04\/IMG_0041-745x1024.jpg 745w, http:\/\/www.krashbar.com\/sex-club-paris\/wp-content\/uploads\/2026\/04\/IMG_0041-218x300.jpg 218w, http:\/\/www.krashbar.com\/sex-club-paris\/wp-content\/uploads\/2026\/04\/IMG_0041-768x1055.jpg 768w, http:\/\/www.krashbar.com\/sex-club-paris\/wp-content\/uploads\/2026\/04\/IMG_0041-1118x1536.jpg 1118w, http:\/\/www.krashbar.com\/sex-club-paris\/wp-content\/uploads\/2026\/04\/IMG_0041.jpg 1358w\" sizes=\"auto, (max-width: 745px) 100vw, 745px\" \/><figcaption class=\"wp-element-caption\"><br><\/figcaption><\/figure>\n<!-- PHP 5.x -->","protected":false},"excerpt":{"rendered":"<p>Nous sommes ouverts 7 jours sur 7 toute l&rsquo;ann\u00e9e Nos horaires Du lundi au jeudi : 15h \u00e0 5h Vendredi : 15h \u00e0 7h Samedi : 14h \u00e0 7h Dimanche : 14h \u00e0 5h Du Lundi au Vendredi &#8211; 15h &hellip; <a href=\"http:\/\/www.krashbar.com\/sex-club-paris\/agenda\/\">Continuer la lecture <span class=\"meta-nav\">&rarr;<\/span><\/a><\/p>\n","protected":false},"author":1,"featured_media":0,"parent":0,"menu_order":0,"comment_status":"closed","ping_status":"closed","template":"","meta":{"footnotes":""},"class_list":["post-4","page","type-page","status-publish","hentry"],"aioseo_notices":[],"_links":{"self":[{"href":"http:\/\/www.krashbar.com\/sex-club-paris\/wp-json\/wp\/v2\/pages\/4","targetHints":{"allow":["GET"]}}],"collection":[{"href":"http:\/\/www.krashbar.com\/sex-club-paris\/wp-json\/wp\/v2\/pages"}],"about":[{"href":"http:\/\/www.krashbar.com\/sex-club-paris\/wp-json\/wp\/v2\/types\/page"}],"author":[{"embeddable":true,"href":"http:\/\/www.krashbar.com\/sex-club-paris\/wp-json\/wp\/v2\/users\/1"}],"replies":[{"embeddable":true,"href":"http:\/\/www.krashbar.com\/sex-club-paris\/wp-json\/wp\/v2\/comments?post=4"}],"version-history":[{"count":24,"href":"http:\/\/www.krashbar.com\/sex-club-paris\/wp-json\/wp\/v2\/pages\/4\/revisions"}],"predecessor-version":[{"id":2912,"href":"http:\/\/www.krashbar.com\/sex-club-paris\/wp-json\/wp\/v2\/pages\/4\/revisions\/2912"}],"wp:attachment":[{"href":"http:\/\/www.krashbar.com\/sex-club-paris\/wp-json\/wp\/v2\/media?parent=4"}],"curies":[{"name":"wp","href":"https:\/\/api.w.org\/{rel}","templated":true}]}}